{"id":99,"date":"2023-01-28T13:42:49","date_gmt":"2023-01-28T13:42:49","guid":{"rendered":"https:\/\/reglazingbathtubs.com\/es\/?page_id=99"},"modified":"2024-09-09T11:19:25","modified_gmt":"2024-09-09T11:19:25","slug":"reglazing-tiles","status":"publish","type":"page","link":"https:\/\/reglazingbathtubs.com\/es\/services\/reglazing-tiles\/","title":{"rendered":"Reglazing Tiles"},"content":{"rendered":"<!--themify_builder_content-->\n<div id=\"themify_builder_content-99\" data-postid=\"99\" class=\"themify_builder_content themify_builder_content-99 themify_builder tf_clear\">\n    \t<!-- module_row -->\n\t<div  data-css_id=\"ukrr223\" data-lazy=\"1\" class=\"module_row themify_builder_row builder-parallax-scrolling fullwidth_row_container tb_ukrr223 tb_first tf_clearfix wow\" data-tf-animation=\"fadeIn\" >\n\t    <div class=\"builder_row_cover tf_abs\"><\/div>\t\t<div class=\"row_inner col_align_top col-count-1 tf_box tf_w tf_rel\">\n\t\t\t<div  data-lazy=\"1\" class=\"module_column tb-column col-full first tb_2h14224 tf_box\">\n\t\t\t    \t        <div class=\"tb-column-inner tf_box tf_w\">\n\t\t    <!-- module text -->\n<div  class=\"module module-text tb_t687224    wow\" data-tf-animation=\"fadeInUp\" data-lazy=\"1\">\n        <div  class=\"tb_text_wrap\">\n    <h1>Reesmaltado de baldosas<\/h1>    <\/div>\n<\/div>\n<!-- \/module text -->\t        <\/div>\n\t    \t<\/div>\n\t\t    <\/div>\n\t    <!-- \/row_inner -->\n\t<\/div>\n\t<!-- \/module_row -->\n\t\t<!-- module_row -->\n\t<div  data-lazy=\"1\" class=\"module_row themify_builder_row tb_qloo935 tf_clearfix\" >\n\t    \t\t<div class=\"row_inner col_align_top col-count-1 tf_box tf_w tf_rel\">\n\t\t\t<div  data-lazy=\"1\" class=\"module_column tb-column col-full first tb_guda936 tf_box\">\n\t\t\t    \t        <div class=\"tb-column-inner tf_box tf_w\">\n\t\t    \t<div  data-lazy=\"1\" class=\"module_subrow themify_builder_sub_row tb_4a7a936 tf_w tf_clearfix\">\n\t    \t\t<div class=\"subrow_inner col_align_top col-count-1 tf_box tf_w\">\n\t\t\t<div  data-lazy=\"1\" class=\"sub_column module_column tf_box col-full first tb_y96m936\"> \n\t    \t    \t        <div class=\"tb-column-inner tf_box tf_w\">\n\t\t    <!-- module text -->\n<div  class=\"module module-text tb_vzmd936   \" data-lazy=\"1\">\n        <div  class=\"tb_text_wrap\">\n    <h2>\u00bfQu\u00e9 es el reesmaltado de baldosas?<\/h2>\n<p>Restaurar los azulejos del ba\u00f1o es un proceso r\u00e1pido y econ\u00f3mico que consiste en lijar la superficie, rellenar las grietas y las \u00e1reas desconchadas, aplicar capas de imprimaci\u00f3n y pintura y pulir la superficie. El proceso tambi\u00e9n se conoce como renovaci\u00f3n, reacondicionamiento y recubrimiento.<\/p>\n<p>Las superficies de porcelana, fibra de vidrio, acr\u00edlicos y cer\u00e1mica se pueden volver a esmaltar. Si se hace correctamente, los azulejos restaurados pueden lucir como nuevos en tan solo unas horas.<\/p>\n<p>Los azulejos y las paredes del ba\u00f1o se deterioran con el tiempo. Los azulejos pueden astillarse, agrietarse e incluso mancharse, rayarse, blanquearse y volverse dif\u00edciles de limpiar. Inicialmente, un reemplazo completo de los azulejos era la respuesta a su problema. Pero con un procedimiento costoso, muchos clientes optaron por vivir con un ba\u00f1o opaco.<\/p>\n<p>\u00a1Tenemos la respuesta a su problema! Por solo una fracci\u00f3n del costo de reemplazo, podemos restaurar, renovar, reacondicionar, volver a esmaltar y volver a colorear cualquier azulejo o superficie de pared. \u00bfY la mejor parte? \u00a1Nuestros profesionales no se equivocar\u00e1n ni perder\u00e1n tiempo!<\/p>\n<p>\u00a1Con gran experiencia, su ba\u00f1o se transformar\u00e1 en el que ha estado so\u00f1ando! \u00bfNo le gusta el color? Tenemos expertos en la coloraci\u00f3n. \u00bfNo le gustan los azulejos en absoluto o la suciedad negra entre ellos? Tenemos un equipo de profesionales que puede transformar el ba\u00f1o en uno completamente nuevo. Nuestros servicios son de los mejores en Chicago.<\/p>    <\/div>\n<\/div>\n<!-- \/module text -->\t        <\/div>\n\t    \t<\/div>\n\t\t    <\/div>\n\t<\/div><!-- \/themify_builder_sub_row -->\n\t\t        <\/div>\n\t    \t<\/div>\n\t\t    <\/div>\n\t    <!-- \/row_inner -->\n\t<\/div>\n\t<!-- \/module_row -->\n\t\t<!-- module_row -->\n\t<div  data-lazy=\"1\" class=\"module_row themify_builder_row tb_v0up844 tf_clearfix\">\n\t    \t\t<div class=\"row_inner col_align_top col-count-1 tf_box tf_w tf_rel\">\n\t\t\t<div  data-lazy=\"1\" class=\"module_column tb-column col-full first tb_tj4r845 tf_box\">\n\t\t\t    \t        <div class=\"tb-column-inner tf_box tf_w\">\n\t\t    \t<div  data-lazy=\"1\" class=\"module_subrow themify_builder_sub_row tb_49tx845 tf_w tf_clearfix\">\n\t    \t\t<div class=\"subrow_inner col_align_top col-count-2 tf_box tf_w\">\n\t\t\t<div  data-lazy=\"1\" class=\"sub_column module_column tf_box col2-1 first tb_nr93845\"> \n\t    \t    \t        <div class=\"tb-column-inner tf_box tf_w\">\n\t\t    <!-- module image -->\n<div  class=\"module module-image tb_2clt845   image-top tf_mw\" data-lazy=\"1\">\n    <h3 class=\"module-title\">Antes<\/h3>    <div class=\"image-wrap tf_rel tf_mw\">\n\t\t    <img loading=\"lazy\" decoding=\"async\" src=\"https:\/\/reglazingbathtubs.com\/es\/wp-content\/uploads\/2023\/01\/photo_4958524775727213383_y.jpg\" width=\"720\" height=\"1280\" title=\"Reglazing Tiles\" alt=\"Reglazing Tiles\">\t\n\t\t<\/div>\n\t<!-- \/image-wrap -->\n    \n    \t<\/div>\n<!-- \/module image -->\t        <\/div>\n\t    \t<\/div>\n\t\t<div  data-lazy=\"1\" class=\"sub_column module_column tf_box col2-1 last tb_m8tc845\"> \n\t    \t    \t        <div class=\"tb-column-inner tf_box tf_w\">\n\t\t    <!-- module image -->\n<div  class=\"module module-image tb_tbp1846   image-top tf_mw\" data-lazy=\"1\">\n    <h3 class=\"module-title\">Despu\u00e9s<\/h3>    <div class=\"image-wrap tf_rel tf_mw\">\n\t\t    <img loading=\"lazy\" decoding=\"async\" src=\"https:\/\/reglazingbathtubs.com\/es\/wp-content\/uploads\/2023\/01\/photo_4958524775727213384_y.jpg\" width=\"720\" height=\"1280\" title=\"Reglazing Tiles\" alt=\"Reglazing Tiles\">\t\n\t\t<\/div>\n\t<!-- \/image-wrap -->\n    \n    \t<\/div>\n<!-- \/module image -->\t        <\/div>\n\t    \t<\/div>\n\t\t    <\/div>\n\t<\/div><!-- \/themify_builder_sub_row -->\n\t\t        <\/div>\n\t    \t<\/div>\n\t\t    <\/div>\n\t    <!-- \/row_inner -->\n\t<\/div>\n\t<!-- \/module_row -->\n\t<\/div>\n<!--\/themify_builder_content-->","protected":false},"excerpt":{"rendered":"<p>Reesmaltado de baldosas \u00bfQu\u00e9 es el reesmaltado de baldosas? Restaurar los azulejos del ba\u00f1o es un proceso r\u00e1pido y econ\u00f3mico que consiste en lijar la superficie, rellenar las grietas y las \u00e1reas desconchadas, aplicar capas de imprimaci\u00f3n y pintura y pulir la superficie. El proceso tambi\u00e9n se conoce como renovaci\u00f3n, reacondicionamiento y recubrimiento. Las superficies [&hellip;]<\/p>\n","protected":false},"author":1,"featured_media":0,"parent":31,"menu_order":0,"comment_status":"closed","ping_status":"closed","template":"","meta":{"om_disable_all_campaigns":false,"_monsterinsights_skip_tracking":false,"_monsterinsights_sitenote_active":false,"_monsterinsights_sitenote_note":"","_monsterinsights_sitenote_category":0,"footnotes":""},"class_list":["post-99","page","type-page","status-publish","hentry","has-post-title","has-post-date","has-post-category","has-post-tag","has-post-comment","has-post-author",""],"aioseo_notices":[],"yoast_head":"<!-- This site is optimized with the Yoast SEO plugin v20.0 - https:\/\/yoast.com\/wordpress\/plugins\/seo\/ -->\n<title>Reglazing Tiles - Spanish reglazing<\/title>\n<meta name=\"robots\" content=\"index, follow, max-snippet:-1, max-image-preview:large, max-video-preview:-1\" \/>\n<link rel=\"canonical\" href=\"https:\/\/reglazingbathtubs.com\/es\/services\/reglazing-tiles\/\" \/>\n<meta property=\"og:locale\" content=\"en_US\" \/>\n<meta property=\"og:type\" content=\"article\" \/>\n<meta property=\"og:title\" content=\"Reglazing Tiles - Spanish reglazing\" \/>\n<meta property=\"og:description\" content=\"Reesmaltado de baldosas \u00bfQu\u00e9 es el reesmaltado de baldosas? Restaurar los azulejos del ba\u00f1o es un proceso r\u00e1pido y econ\u00f3mico que consiste en lijar la superficie, rellenar las grietas y las \u00e1reas desconchadas, aplicar capas de imprimaci\u00f3n y pintura y pulir la superficie. El proceso tambi\u00e9n se conoce como renovaci\u00f3n, reacondicionamiento y recubrimiento. Las superficies [&hellip;]\" \/>\n<meta property=\"og:url\" content=\"https:\/\/reglazingbathtubs.com\/es\/services\/reglazing-tiles\/\" \/>\n<meta property=\"og:site_name\" content=\"Spanish reglazing\" \/>\n<meta property=\"article:modified_time\" content=\"2024-09-09T11:19:25+00:00\" \/>\n<meta property=\"og:image\" content=\"https:\/\/reglazingbathtubs.com\/es\/wp-content\/uploads\/2023\/01\/photo_4958524775727213383_y.jpg\" \/>\n<meta name=\"twitter:card\" content=\"summary_large_image\" \/>\n<meta name=\"twitter:label1\" content=\"Est. reading time\" \/>\n\t<meta name=\"twitter:data1\" content=\"1 minute\" \/>\n<script type=\"application\/ld+json\" class=\"yoast-schema-graph\">{\"@context\":\"https:\/\/schema.org\",\"@graph\":[{\"@type\":\"WebPage\",\"@id\":\"https:\/\/reglazingbathtubs.com\/es\/services\/reglazing-tiles\/\",\"url\":\"https:\/\/reglazingbathtubs.com\/es\/services\/reglazing-tiles\/\",\"name\":\"Reglazing Tiles - Spanish reglazing\",\"isPartOf\":{\"@id\":\"https:\/\/reglazingbathtubs.com\/es\/#website\"},\"datePublished\":\"2023-01-28T13:42:49+00:00\",\"dateModified\":\"2024-09-09T11:19:25+00:00\",\"breadcrumb\":{\"@id\":\"https:\/\/reglazingbathtubs.com\/es\/services\/reglazing-tiles\/#breadcrumb\"},\"inLanguage\":\"en-US\",\"potentialAction\":[{\"@type\":\"ReadAction\",\"target\":[\"https:\/\/reglazingbathtubs.com\/es\/services\/reglazing-tiles\/\"]}]},{\"@type\":\"BreadcrumbList\",\"@id\":\"https:\/\/reglazingbathtubs.com\/es\/services\/reglazing-tiles\/#breadcrumb\",\"itemListElement\":[{\"@type\":\"ListItem\",\"position\":1,\"name\":\"Home\",\"item\":\"https:\/\/reglazingbathtubs.com\/es\/\"},{\"@type\":\"ListItem\",\"position\":2,\"name\":\"Services\",\"item\":\"https:\/\/reglazingbathtubs.com\/es\/services\/\"},{\"@type\":\"ListItem\",\"position\":3,\"name\":\"Reglazing Tiles\"}]},{\"@type\":\"WebSite\",\"@id\":\"https:\/\/reglazingbathtubs.com\/es\/#website\",\"url\":\"https:\/\/reglazingbathtubs.com\/es\/\",\"name\":\"Spanish reglazing\",\"description\":\"\",\"potentialAction\":[{\"@type\":\"SearchAction\",\"target\":{\"@type\":\"EntryPoint\",\"urlTemplate\":\"https:\/\/reglazingbathtubs.com\/es\/?s={search_term_string}\"},\"query-input\":\"required name=search_term_string\"}],\"inLanguage\":\"en-US\"}]}<\/script>\n<!-- \/ Yoast SEO plugin. -->","yoast_head_json":{"title":"Reglazing Tiles - Spanish reglazing","robots":{"index":"index","follow":"follow","max-snippet":"max-snippet:-1","max-image-preview":"max-image-preview:large","max-video-preview":"max-video-preview:-1"},"canonical":"https:\/\/reglazingbathtubs.com\/es\/services\/reglazing-tiles\/","og_locale":"en_US","og_type":"article","og_title":"Reglazing Tiles - Spanish reglazing","og_description":"Reesmaltado de baldosas \u00bfQu\u00e9 es el reesmaltado de baldosas? Restaurar los azulejos del ba\u00f1o es un proceso r\u00e1pido y econ\u00f3mico que consiste en lijar la superficie, rellenar las grietas y las \u00e1reas desconchadas, aplicar capas de imprimaci\u00f3n y pintura y pulir la superficie. El proceso tambi\u00e9n se conoce como renovaci\u00f3n, reacondicionamiento y recubrimiento. Las superficies [&hellip;]","og_url":"https:\/\/reglazingbathtubs.com\/es\/services\/reglazing-tiles\/","og_site_name":"Spanish reglazing","article_modified_time":"2024-09-09T11:19:25+00:00","og_image":[{"url":"https:\/\/reglazingbathtubs.com\/es\/wp-content\/uploads\/2023\/01\/photo_4958524775727213383_y.jpg"}],"twitter_card":"summary_large_image","twitter_misc":{"Est. reading time":"1 minute"},"schema":{"@context":"https:\/\/schema.org","@graph":[{"@type":"WebPage","@id":"https:\/\/reglazingbathtubs.com\/es\/services\/reglazing-tiles\/","url":"https:\/\/reglazingbathtubs.com\/es\/services\/reglazing-tiles\/","name":"Reglazing Tiles - Spanish reglazing","isPartOf":{"@id":"https:\/\/reglazingbathtubs.com\/es\/#website"},"datePublished":"2023-01-28T13:42:49+00:00","dateModified":"2024-09-09T11:19:25+00:00","breadcrumb":{"@id":"https:\/\/reglazingbathtubs.com\/es\/services\/reglazing-tiles\/#breadcrumb"},"inLanguage":"en-US","potentialAction":[{"@type":"ReadAction","target":["https:\/\/reglazingbathtubs.com\/es\/services\/reglazing-tiles\/"]}]},{"@type":"BreadcrumbList","@id":"https:\/\/reglazingbathtubs.com\/es\/services\/reglazing-tiles\/#breadcrumb","itemListElement":[{"@type":"ListItem","position":1,"name":"Home","item":"https:\/\/reglazingbathtubs.com\/es\/"},{"@type":"ListItem","position":2,"name":"Services","item":"https:\/\/reglazingbathtubs.com\/es\/services\/"},{"@type":"ListItem","position":3,"name":"Reglazing Tiles"}]},{"@type":"WebSite","@id":"https:\/\/reglazingbathtubs.com\/es\/#website","url":"https:\/\/reglazingbathtubs.com\/es\/","name":"Spanish reglazing","description":"","potentialAction":[{"@type":"SearchAction","target":{"@type":"EntryPoint","urlTemplate":"https:\/\/reglazingbathtubs.com\/es\/?s={search_term_string}"},"query-input":"required name=search_term_string"}],"inLanguage":"en-US"}]}},"builder_content":"<h1>Reesmaltado de baldosas<\/h1>\n<h2>\u00bfQu\u00e9 es el reesmaltado de baldosas?<\/h2> <p>Restaurar los azulejos del ba\u00f1o es un proceso r\u00e1pido y econ\u00f3mico que consiste en lijar la superficie, rellenar las grietas y las \u00e1reas desconchadas, aplicar capas de imprimaci\u00f3n y pintura y pulir la superficie. El proceso tambi\u00e9n se conoce como renovaci\u00f3n, reacondicionamiento y recubrimiento.<\/p> <p>Las superficies de porcelana, fibra de vidrio, acr\u00edlicos y cer\u00e1mica se pueden volver a esmaltar. Si se hace correctamente, los azulejos restaurados pueden lucir como nuevos en tan solo unas horas.<\/p> <p>Los azulejos y las paredes del ba\u00f1o se deterioran con el tiempo. Los azulejos pueden astillarse, agrietarse e incluso mancharse, rayarse, blanquearse y volverse dif\u00edciles de limpiar. Inicialmente, un reemplazo completo de los azulejos era la respuesta a su problema. Pero con un procedimiento costoso, muchos clientes optaron por vivir con un ba\u00f1o opaco.<\/p> <p>\u00a1Tenemos la respuesta a su problema! Por solo una fracci\u00f3n del costo de reemplazo, podemos restaurar, renovar, reacondicionar, volver a esmaltar y volver a colorear cualquier azulejo o superficie de pared. \u00bfY la mejor parte? \u00a1Nuestros profesionales no se equivocar\u00e1n ni perder\u00e1n tiempo!<\/p> <p>\u00a1Con gran experiencia, su ba\u00f1o se transformar\u00e1 en el que ha estado so\u00f1ando! \u00bfNo le gusta el color? Tenemos expertos en la coloraci\u00f3n. \u00bfNo le gustan los azulejos en absoluto o la suciedad negra entre ellos? Tenemos un equipo de profesionales que puede transformar el ba\u00f1o en uno completamente nuevo. Nuestros servicios son de los mejores en Chicago.<\/p>\n<h3>Antes<\/h3> <img src=\"https:\/\/reglazingbathtubs.com\/es\/wp-content\/uploads\/2023\/01\/photo_4958524775727213383_y.jpg\" width=\"720\" height=\"1280\" title=\"Reglazing Tiles\" alt=\"Reglazing Tiles\">\n<h3>Despu\u00e9s<\/h3> <img src=\"https:\/\/reglazingbathtubs.com\/es\/wp-content\/uploads\/2023\/01\/photo_4958524775727213384_y.jpg\" width=\"720\" height=\"1280\" title=\"Reglazing Tiles\" alt=\"Reglazing Tiles\">","_links":{"self":[{"href":"https:\/\/reglazingbathtubs.com\/es\/wp-json\/wp\/v2\/pages\/99"}],"collection":[{"href":"https:\/\/reglazingbathtubs.com\/es\/wp-json\/wp\/v2\/pages"}],"about":[{"href":"https:\/\/reglazingbathtubs.com\/es\/wp-json\/wp\/v2\/types\/page"}],"author":[{"embeddable":true,"href":"https:\/\/reglazingbathtubs.com\/es\/wp-json\/wp\/v2\/users\/1"}],"replies":[{"embeddable":true,"href":"https:\/\/reglazingbathtubs.com\/es\/wp-json\/wp\/v2\/comments?post=99"}],"version-history":[{"count":12,"href":"https:\/\/reglazingbathtubs.com\/es\/wp-json\/wp\/v2\/pages\/99\/revisions"}],"predecessor-version":[{"id":267,"href":"https:\/\/reglazingbathtubs.com\/es\/wp-json\/wp\/v2\/pages\/99\/revisions\/267"}],"up":[{"embeddable":true,"href":"https:\/\/reglazingbathtubs.com\/es\/wp-json\/wp\/v2\/pages\/31"}],"wp:attachment":[{"href":"https:\/\/reglazingbathtubs.com\/es\/wp-json\/wp\/v2\/media?parent=99"}],"curies":[{"name":"wp","href":"https:\/\/api.w.org\/{rel}","templated":true}]}}