{"id":31,"date":"2016-12-28T05:25:03","date_gmt":"2016-12-28T05:25:03","guid":{"rendered":"https:\/\/reglazingbathtubs.com\/es\/index.php\/services\/"},"modified":"2024-09-09T07:05:09","modified_gmt":"2024-09-09T07:05:09","slug":"services","status":"publish","type":"page","link":"https:\/\/reglazingbathtubs.com\/es\/services\/","title":{"rendered":"Services"},"content":{"rendered":"<!--themify_builder_content-->\n<div id=\"themify_builder_content-31\" data-postid=\"31\" class=\"themify_builder_content themify_builder_content-31 themify_builder tf_clear\">\n    \t<!-- module_row -->\n\t<div  data-css_id=\"llsu823\" data-lazy=\"1\" class=\"module_row themify_builder_row builder-zoom-scrolling fullwidth_row_container tb_llsu823 tb_first tf_clearfix wow\" data-tf-animation=\"fadeIn\" >\n\t    <div class=\"builder_row_cover tf_abs\"><\/div>\t\t<div class=\"row_inner col_align_top col-count-1 tf_box tf_w tf_rel\">\n\t\t\t<div  data-lazy=\"1\" class=\"module_column tb-column col-full first tb_vkem830 tf_box\">\n\t\t\t    \t        <div class=\"tb-column-inner tf_box tf_w\">\n\t\t    <!-- module text -->\n<div  class=\"module module-text tb_7g05833    wow\" data-tf-animation=\"fadeInUp\" data-lazy=\"1\">\n        <div  class=\"tb_text_wrap\">\n    <h1>Servicios<\/h1>    <\/div>\n<\/div>\n<!-- \/module text -->\t        <\/div>\n\t    \t<\/div>\n\t\t    <\/div>\n\t    <!-- \/row_inner -->\n\t<\/div>\n\t<!-- \/module_row -->\n\t\t<!-- module_row -->\n\t<div  data-lazy=\"1\" class=\"module_row themify_builder_row tb_9h7n172 tf_clearfix\" >\n\t    \t\t<div class=\"row_inner col_align_top col-count-1 tf_box tf_w tf_rel\">\n\t\t\t<div  data-lazy=\"1\" class=\"module_column tb-column col-full first tb_fx9n172 tf_box\">\n\t\t\t    \t        <div class=\"tb-column-inner tf_box tf_w\">\n\t\t    <!-- module text -->\n<div  class=\"module module-text tb_fte8172    wow\" data-tf-animation=\"fadeInUp\" data-lazy=\"1\">\n        <div  class=\"tb_text_wrap\">\n    <h2>Nuestros servicios<\/h2>    <\/div>\n<\/div>\n<!-- \/module text -->\t<div  data-lazy=\"1\" class=\"module_subrow themify_builder_sub_row tb_tj8l172 tf_w tf_clearfix\">\n\t    \t\t<div class=\"subrow_inner col_align_top col-count-3 tf_box tf_w\">\n\t\t\t<div  data-lazy=\"1\" class=\"sub_column module_column tf_box col3-1 first tb_3kfu173\" > \n\t    \t    \t        <div class=\"tb-column-inner tf_box tf_w\">\n\t\t    <!-- module image -->\n<div  class=\"module module-image tb_qgfs173 rounded bordered circle  image-center tf_mw wow\" data-tf-animation=\"fadeInLeft\" data-lazy=\"1\">\n        <div class=\"image-wrap tf_rel tf_mw\">\n\t\t    <a href=\"\/es\/services\/reglazing-bathtubs\/\"\n\t       \t       >\n\t\t   \t\t<img loading=\"lazy\" decoding=\"async\" src=\"https:\/\/reglazingbathtubs.com\/es\/wp-content\/uploads\/2023\/01\/bathtub.jpg\" width=\"200\" height=\"200\" title=\"Reesmaltado de ba\u00f1eras\" alt=\"Volver a esmaltar su ba\u00f1era es una excelente manera de hacer que su ba\u00f1era vieja luzca como nueva y, al mismo tiempo, ahorrar dinero. Podemos hacer que su ba\u00f1era luzca como nueva nuevamente, ya sea de acr\u00edlico, hierro fundido, m\u00e1rmol artificial, fibra de vidrio, porcelana u otro material.\">\t    <\/a>\n\t\n\t\t<\/div>\n\t<!-- \/image-wrap -->\n    \n    \t<div class=\"image-content\">\n\t    \t\t\t<h6 class=\"image-title\">\n\t\t\t\t\t\t\t\t\t<a href=\"\/es\/services\/reglazing-bathtubs\/\" \n\t\t\t\t\t   \t\t\t\t\t   >\n\t\t\t\t\t\t   Reesmaltado de ba\u00f1eras\t\t\t\t\t<\/a>\n\t\t\t\t\t\t\t<\/h6>\n\t    \n\t    \t\t<div class=\"image-caption tb_text_wrap\">\n\t\t    Volver a esmaltar su ba\u00f1era es una excelente manera de hacer que su ba\u00f1era vieja luzca como nueva y, al mismo tiempo, ahorrar dinero. Podemos hacer que su ba\u00f1era luzca como nueva nuevamente, ya sea de acr\u00edlico, hierro fundido, m\u00e1rmol artificial, fibra de vidrio, porcelana u otro material.\t    <\/div>\n\t    <!-- \/image-caption -->\n\t    \t<\/div>\n\t<!-- \/image-content -->\n    \t<\/div>\n<!-- \/module image --><!-- module buttons -->\n<div  class=\"module module-buttons tb_izpw232 buttons-horizontal solid  tf_textc\" data-lazy=\"1\">\n    \t<div class=\"module-buttons-item tf_inline_b\">\n\t\t\t\t\t\t\t<a href=\"\/es\/services\/reglazing-bathtubs\/\" class=\"ui builder_button light-green\" >\n\t\t\t\t\t\t\t\t\t\t\t<span class=\"tf_inline_b tf_vmiddle\">M\u00e1s informaci\u00f3n<\/span>\n\t\t\t\t\t\t\t\t\t\t\t<\/a>\n\t\t\t    \t<\/div>\n\t<\/div>\n<!-- \/module buttons -->\n\t        <\/div>\n\t    \t<\/div>\n\t\t<div  data-lazy=\"1\" class=\"sub_column module_column tf_box col3-1 middle tb_lwsr173\"> \n\t    \t    \t        <div class=\"tb-column-inner tf_box tf_w\">\n\t\t    <!-- module image -->\n<div  class=\"module module-image tb_b2kn173 rounded bordered circle  image-center tf_mw wow\" data-tf-animation=\"fadeInLeft\" data-lazy=\"1\">\n        <div class=\"image-wrap tf_rel tf_mw\">\n\t\t    <a href=\"\/es\/services\/reglazing-sinks\/\"\n\t       \t       >\n\t\t   \t\t<img loading=\"lazy\" decoding=\"async\" src=\"https:\/\/reglazingbathtubs.com\/es\/wp-content\/uploads\/2023\/01\/sink.jpg\" width=\"200\" height=\"200\" title=\"Reesmaltado del fregadero\" alt=\"Si su fregadero est\u00e1 da\u00f1ado por desconchones antiest\u00e9ticos o manchas que no puede quitar sin importar cu\u00e1nto frote, \u00a1no est\u00e1 m\u00e1s all\u00e1 de la reparaci\u00f3n!\nSol\u00eda \u200b\u200bser que reemplazar un fregadero era su \u00fanica opci\u00f3n, pero hoy, podemos reparar, restaurar, renovar, esmaltar y volver a colorear su fregadero de cocina o ba\u00f1o en solo unas horas por solo una fracci\u00f3n del costo, \u00a1sin suciedad, sin problemas! \u00a1Lo mejor de todo es que el resultado final es un fregadero que parece nuevo!\">\t    <\/a>\n\t\n\t\t<\/div>\n\t<!-- \/image-wrap -->\n    \n    \t<div class=\"image-content\">\n\t    \t\t\t<h6 class=\"image-title\">\n\t\t\t\t\t\t\t\t\t<a href=\"\/es\/services\/reglazing-sinks\/\" \n\t\t\t\t\t   \t\t\t\t\t   >\n\t\t\t\t\t\t   Reesmaltado del fregadero\t\t\t\t\t<\/a>\n\t\t\t\t\t\t\t<\/h6>\n\t    \n\t    \t\t<div class=\"image-caption tb_text_wrap\">\n\t\t    Si su fregadero est\u00e1 da\u00f1ado por desconchones antiest\u00e9ticos o manchas que no puede quitar sin importar cu\u00e1nto frote, \u00a1no est\u00e1 m\u00e1s all\u00e1 de la reparaci\u00f3n!\nSol\u00eda \u200b\u200bser que reemplazar un fregadero era su \u00fanica opci\u00f3n, pero hoy, podemos reparar, restaurar, renovar, esmaltar y volver a colorear su fregadero de cocina o ba\u00f1o en solo unas horas por solo una fracci\u00f3n del costo, \u00a1sin suciedad, sin problemas! \u00a1Lo mejor de todo es que el resultado final es un fregadero que parece nuevo!\t    <\/div>\n\t    <!-- \/image-caption -->\n\t    \t<\/div>\n\t<!-- \/image-content -->\n    \t<\/div>\n<!-- \/module image --><!-- module buttons -->\n<div  class=\"module module-buttons tb_budm424 buttons-horizontal solid  tf_textc\" data-lazy=\"1\">\n    \t<div class=\"module-buttons-item tf_inline_b\">\n\t\t\t\t\t\t\t<a href=\"\/es\/services\/reglazing-sinks\/\" class=\"ui builder_button light-green\" >\n\t\t\t\t\t\t\t\t\t\t\t<span class=\"tf_inline_b tf_vmiddle\">M\u00e1s informaci\u00f3n<\/span>\n\t\t\t\t\t\t\t\t\t\t\t<\/a>\n\t\t\t    \t<\/div>\n\t<\/div>\n<!-- \/module buttons -->\n\t        <\/div>\n\t    \t<\/div>\n\t\t<div  data-lazy=\"1\" class=\"sub_column module_column tf_box col3-1 last tb_1ulf173\"> \n\t    \t    \t        <div class=\"tb-column-inner tf_box tf_w\">\n\t\t    <!-- module image -->\n<div  class=\"module module-image tb_zzmh173 rounded bordered circle  image-center tf_mw wow\" data-tf-animation=\"fadeInLeft\" data-lazy=\"1\">\n        <div class=\"image-wrap tf_rel tf_mw\">\n\t\t    <a href=\"\/es\/services\/reglazing-tiles\/\"\n\t       \t       >\n\t\t   \t\t<img loading=\"lazy\" decoding=\"async\" src=\"https:\/\/reglazingbathtubs.com\/es\/wp-content\/uploads\/2023\/01\/tile.jpg\" width=\"200\" height=\"200\" title=\"Reesmaltado de baldosas\" alt=\"Si sus azulejos est\u00e1n desgastados, agrietados o desconchados, es posible que desee reemplazarlos, pero si el problema es est\u00e9tico en lugar de su estado, entonces volver a esmaltarlos es una opci\u00f3n perfecta y es una manera f\u00e1cil de actualizar los azulejos del ba\u00f1o sin reemplazarlos. Es una opci\u00f3n mucho m\u00e1s econ\u00f3mica y sencilla que una renovaci\u00f3n total y, dado que los azulejos que se cuidan pueden durar mucho tiempo, volver a esmaltarlos como una actualizaci\u00f3n de estilo extender\u00e1 su vida \u00fatil.\">\t    <\/a>\n\t\n\t\t<\/div>\n\t<!-- \/image-wrap -->\n    \n    \t<div class=\"image-content\">\n\t    \t\t\t<h6 class=\"image-title\">\n\t\t\t\t\t\t\t\t\t<a href=\"\/es\/services\/reglazing-tiles\/\" \n\t\t\t\t\t   \t\t\t\t\t   >\n\t\t\t\t\t\t   Reesmaltado de baldosas\t\t\t\t\t<\/a>\n\t\t\t\t\t\t\t<\/h6>\n\t    \n\t    \t\t<div class=\"image-caption tb_text_wrap\">\n\t\t    Si sus azulejos est\u00e1n desgastados, agrietados o desconchados, es posible que desee reemplazarlos, pero si el problema es est\u00e9tico en lugar de su estado, entonces volver a esmaltarlos es una opci\u00f3n perfecta y es una manera f\u00e1cil de actualizar los azulejos del ba\u00f1o sin reemplazarlos. Es una opci\u00f3n mucho m\u00e1s econ\u00f3mica y sencilla que una renovaci\u00f3n total y, dado que los azulejos que se cuidan pueden durar mucho tiempo, volver a esmaltarlos como una actualizaci\u00f3n de estilo extender\u00e1 su vida \u00fatil.\t    <\/div>\n\t    <!-- \/image-caption -->\n\t    \t<\/div>\n\t<!-- \/image-content -->\n    \t<\/div>\n<!-- \/module image --><!-- module buttons -->\n<div  class=\"module module-buttons tb_natr399 buttons-horizontal solid  tf_textc\" data-lazy=\"1\">\n    \t<div class=\"module-buttons-item tf_inline_b\">\n\t\t\t\t\t\t\t<a href=\"\/es\/services\/reglazing-tiles\/\" class=\"ui builder_button light-green\" >\n\t\t\t\t\t\t\t\t\t\t\t<span class=\"tf_inline_b tf_vmiddle\">M\u00e1s informaci\u00f3n<\/span>\n\t\t\t\t\t\t\t\t\t\t\t<\/a>\n\t\t\t    \t<\/div>\n\t<\/div>\n<!-- \/module buttons -->\n\t        <\/div>\n\t    \t<\/div>\n\t\t    <\/div>\n\t<\/div><!-- \/themify_builder_sub_row -->\n\t\t        <\/div>\n\t    \t<\/div>\n\t\t    <\/div>\n\t    <!-- \/row_inner -->\n\t<\/div>\n\t<!-- \/module_row -->\n\t<\/div>\n<!--\/themify_builder_content-->","protected":false},"excerpt":{"rendered":"<p>Servicios Nuestros servicios Reesmaltado de ba\u00f1eras Volver a esmaltar su ba\u00f1era es una excelente manera de hacer que su ba\u00f1era vieja luzca como nueva y, al mismo tiempo, ahorrar dinero. Podemos hacer que su ba\u00f1era luzca como nueva nuevamente, ya sea de acr\u00edlico, hierro fundido, m\u00e1rmol artificial, fibra de vidrio, porcelana u otro material. M\u00e1s [&hellip;]<\/p>\n","protected":false},"author":1,"featured_media":0,"parent":0,"menu_order":0,"comment_status":"closed","ping_status":"closed","template":"","meta":{"om_disable_all_campaigns":false,"_monsterinsights_skip_tracking":false,"_monsterinsights_sitenote_active":false,"_monsterinsights_sitenote_note":"","_monsterinsights_sitenote_category":0,"footnotes":""},"class_list":["post-31","page","type-page","status-publish","hentry","has-post-title","has-post-date","has-post-category","has-post-tag","has-post-comment","has-post-author",""],"aioseo_notices":[],"yoast_head":"<!-- This site is optimized with the Yoast SEO plugin v20.0 - https:\/\/yoast.com\/wordpress\/plugins\/seo\/ -->\n<title>Services - Spanish reglazing<\/title>\n<meta name=\"robots\" content=\"index, follow, max-snippet:-1, max-image-preview:large, max-video-preview:-1\" \/>\n<link rel=\"canonical\" href=\"https:\/\/reglazingbathtubs.com\/es\/services\/\" \/>\n<meta property=\"og:locale\" content=\"en_US\" \/>\n<meta property=\"og:type\" content=\"article\" \/>\n<meta property=\"og:title\" content=\"Services - Spanish reglazing\" \/>\n<meta property=\"og:description\" content=\"Servicios Nuestros servicios Reesmaltado de ba\u00f1eras Volver a esmaltar su ba\u00f1era es una excelente manera de hacer que su ba\u00f1era vieja luzca como nueva y, al mismo tiempo, ahorrar dinero. Podemos hacer que su ba\u00f1era luzca como nueva nuevamente, ya sea de acr\u00edlico, hierro fundido, m\u00e1rmol artificial, fibra de vidrio, porcelana u otro material. M\u00e1s [&hellip;]\" \/>\n<meta property=\"og:url\" content=\"https:\/\/reglazingbathtubs.com\/es\/services\/\" \/>\n<meta property=\"og:site_name\" content=\"Spanish reglazing\" \/>\n<meta property=\"article:modified_time\" content=\"2024-09-09T07:05:09+00:00\" \/>\n<meta property=\"og:image\" content=\"https:\/\/reglazingbathtubs.com\/es\/wp-content\/uploads\/2023\/01\/bathtub.jpg\" \/>\n<meta name=\"twitter:card\" content=\"summary_large_image\" \/>\n<meta name=\"twitter:label1\" content=\"Est. reading time\" \/>\n\t<meta name=\"twitter:data1\" content=\"1 minute\" \/>\n<script type=\"application\/ld+json\" class=\"yoast-schema-graph\">{\"@context\":\"https:\/\/schema.org\",\"@graph\":[{\"@type\":\"WebPage\",\"@id\":\"https:\/\/reglazingbathtubs.com\/es\/services\/\",\"url\":\"https:\/\/reglazingbathtubs.com\/es\/services\/\",\"name\":\"Services - Spanish reglazing\",\"isPartOf\":{\"@id\":\"https:\/\/reglazingbathtubs.com\/es\/#website\"},\"datePublished\":\"2016-12-28T05:25:03+00:00\",\"dateModified\":\"2024-09-09T07:05:09+00:00\",\"breadcrumb\":{\"@id\":\"https:\/\/reglazingbathtubs.com\/es\/services\/#breadcrumb\"},\"inLanguage\":\"en-US\",\"potentialAction\":[{\"@type\":\"ReadAction\",\"target\":[\"https:\/\/reglazingbathtubs.com\/es\/services\/\"]}]},{\"@type\":\"BreadcrumbList\",\"@id\":\"https:\/\/reglazingbathtubs.com\/es\/services\/#breadcrumb\",\"itemListElement\":[{\"@type\":\"ListItem\",\"position\":1,\"name\":\"Home\",\"item\":\"https:\/\/reglazingbathtubs.com\/es\/\"},{\"@type\":\"ListItem\",\"position\":2,\"name\":\"Services\"}]},{\"@type\":\"WebSite\",\"@id\":\"https:\/\/reglazingbathtubs.com\/es\/#website\",\"url\":\"https:\/\/reglazingbathtubs.com\/es\/\",\"name\":\"Spanish reglazing\",\"description\":\"\",\"potentialAction\":[{\"@type\":\"SearchAction\",\"target\":{\"@type\":\"EntryPoint\",\"urlTemplate\":\"https:\/\/reglazingbathtubs.com\/es\/?s={search_term_string}\"},\"query-input\":\"required name=search_term_string\"}],\"inLanguage\":\"en-US\"}]}<\/script>\n<!-- \/ Yoast SEO plugin. -->","yoast_head_json":{"title":"Services - Spanish reglazing","robots":{"index":"index","follow":"follow","max-snippet":"max-snippet:-1","max-image-preview":"max-image-preview:large","max-video-preview":"max-video-preview:-1"},"canonical":"https:\/\/reglazingbathtubs.com\/es\/services\/","og_locale":"en_US","og_type":"article","og_title":"Services - Spanish reglazing","og_description":"Servicios Nuestros servicios Reesmaltado de ba\u00f1eras Volver a esmaltar su ba\u00f1era es una excelente manera de hacer que su ba\u00f1era vieja luzca como nueva y, al mismo tiempo, ahorrar dinero. Podemos hacer que su ba\u00f1era luzca como nueva nuevamente, ya sea de acr\u00edlico, hierro fundido, m\u00e1rmol artificial, fibra de vidrio, porcelana u otro material. M\u00e1s [&hellip;]","og_url":"https:\/\/reglazingbathtubs.com\/es\/services\/","og_site_name":"Spanish reglazing","article_modified_time":"2024-09-09T07:05:09+00:00","og_image":[{"url":"https:\/\/reglazingbathtubs.com\/es\/wp-content\/uploads\/2023\/01\/bathtub.jpg"}],"twitter_card":"summary_large_image","twitter_misc":{"Est. reading time":"1 minute"},"schema":{"@context":"https:\/\/schema.org","@graph":[{"@type":"WebPage","@id":"https:\/\/reglazingbathtubs.com\/es\/services\/","url":"https:\/\/reglazingbathtubs.com\/es\/services\/","name":"Services - Spanish reglazing","isPartOf":{"@id":"https:\/\/reglazingbathtubs.com\/es\/#website"},"datePublished":"2016-12-28T05:25:03+00:00","dateModified":"2024-09-09T07:05:09+00:00","breadcrumb":{"@id":"https:\/\/reglazingbathtubs.com\/es\/services\/#breadcrumb"},"inLanguage":"en-US","potentialAction":[{"@type":"ReadAction","target":["https:\/\/reglazingbathtubs.com\/es\/services\/"]}]},{"@type":"BreadcrumbList","@id":"https:\/\/reglazingbathtubs.com\/es\/services\/#breadcrumb","itemListElement":[{"@type":"ListItem","position":1,"name":"Home","item":"https:\/\/reglazingbathtubs.com\/es\/"},{"@type":"ListItem","position":2,"name":"Services"}]},{"@type":"WebSite","@id":"https:\/\/reglazingbathtubs.com\/es\/#website","url":"https:\/\/reglazingbathtubs.com\/es\/","name":"Spanish reglazing","description":"","potentialAction":[{"@type":"SearchAction","target":{"@type":"EntryPoint","urlTemplate":"https:\/\/reglazingbathtubs.com\/es\/?s={search_term_string}"},"query-input":"required name=search_term_string"}],"inLanguage":"en-US"}]}},"builder_content":"<h1>Servicios<\/h1>\n<h2>Nuestros servicios<\/h2>\n<a href=\"\/es\/services\/reglazing-bathtubs\/\" > <img src=\"https:\/\/reglazingbathtubs.com\/es\/wp-content\/uploads\/2023\/01\/bathtub.jpg\" width=\"200\" height=\"200\" title=\"Reesmaltado de ba\u00f1eras\" alt=\"Volver a esmaltar su ba\u00f1era es una excelente manera de hacer que su ba\u00f1era vieja luzca como nueva y, al mismo tiempo, ahorrar dinero. Podemos hacer que su ba\u00f1era luzca como nueva nuevamente, ya sea de acr\u00edlico, hierro fundido, m\u00e1rmol artificial, fibra de vidrio, porcelana u otro material.\"> <\/a> <h6> <a href=\"\/es\/services\/reglazing-bathtubs\/\" > Reesmaltado de ba\u00f1eras <\/a> <\/h6> Volver a esmaltar su ba\u00f1era es una excelente manera de hacer que su ba\u00f1era vieja luzca como nueva y, al mismo tiempo, ahorrar dinero. Podemos hacer que su ba\u00f1era luzca como nueva nuevamente, ya sea de acr\u00edlico, hierro fundido, m\u00e1rmol artificial, fibra de vidrio, porcelana u otro material.\n<a href=\"\/es\/services\/reglazing-bathtubs\/\" > M\u00e1s informaci\u00f3n <\/a>\n<a href=\"\/es\/services\/reglazing-sinks\/\" > <img src=\"https:\/\/reglazingbathtubs.com\/es\/wp-content\/uploads\/2023\/01\/sink.jpg\" width=\"200\" height=\"200\" title=\"Reesmaltado del fregadero\" alt=\"Si su fregadero est\u00e1 da\u00f1ado por desconchones antiest\u00e9ticos o manchas que no puede quitar sin importar cu\u00e1nto frote, \u00a1no est\u00e1 m\u00e1s all\u00e1 de la reparaci\u00f3n! Sol\u00eda \u200b\u200bser que reemplazar un fregadero era su \u00fanica opci\u00f3n, pero hoy, podemos reparar, restaurar, renovar, esmaltar y volver a colorear su fregadero de cocina o ba\u00f1o en solo unas horas por solo una fracci\u00f3n del costo, \u00a1sin suciedad, sin problemas! \u00a1Lo mejor de todo es que el resultado final es un fregadero que parece nuevo!\"> <\/a> <h6> <a href=\"\/es\/services\/reglazing-sinks\/\" > Reesmaltado del fregadero <\/a> <\/h6> Si su fregadero est\u00e1 da\u00f1ado por desconchones antiest\u00e9ticos o manchas que no puede quitar sin importar cu\u00e1nto frote, \u00a1no est\u00e1 m\u00e1s all\u00e1 de la reparaci\u00f3n! Sol\u00eda \u200b\u200bser que reemplazar un fregadero era su \u00fanica opci\u00f3n, pero hoy, podemos reparar, restaurar, renovar, esmaltar y volver a colorear su fregadero de cocina o ba\u00f1o en solo unas horas por solo una fracci\u00f3n del costo, \u00a1sin suciedad, sin problemas! \u00a1Lo mejor de todo es que el resultado final es un fregadero que parece nuevo!\n<a href=\"\/es\/services\/reglazing-sinks\/\" > M\u00e1s informaci\u00f3n <\/a>\n<a href=\"\/es\/services\/reglazing-tiles\/\" > <img src=\"https:\/\/reglazingbathtubs.com\/es\/wp-content\/uploads\/2023\/01\/tile.jpg\" width=\"200\" height=\"200\" title=\"Reesmaltado de baldosas\" alt=\"Si sus azulejos est\u00e1n desgastados, agrietados o desconchados, es posible que desee reemplazarlos, pero si el problema es est\u00e9tico en lugar de su estado, entonces volver a esmaltarlos es una opci\u00f3n perfecta y es una manera f\u00e1cil de actualizar los azulejos del ba\u00f1o sin reemplazarlos. Es una opci\u00f3n mucho m\u00e1s econ\u00f3mica y sencilla que una renovaci\u00f3n total y, dado que los azulejos que se cuidan pueden durar mucho tiempo, volver a esmaltarlos como una actualizaci\u00f3n de estilo extender\u00e1 su vida \u00fatil.\"> <\/a> <h6> <a href=\"\/es\/services\/reglazing-tiles\/\" > Reesmaltado de baldosas <\/a> <\/h6> Si sus azulejos est\u00e1n desgastados, agrietados o desconchados, es posible que desee reemplazarlos, pero si el problema es est\u00e9tico en lugar de su estado, entonces volver a esmaltarlos es una opci\u00f3n perfecta y es una manera f\u00e1cil de actualizar los azulejos del ba\u00f1o sin reemplazarlos. Es una opci\u00f3n mucho m\u00e1s econ\u00f3mica y sencilla que una renovaci\u00f3n total y, dado que los azulejos que se cuidan pueden durar mucho tiempo, volver a esmaltarlos como una actualizaci\u00f3n de estilo extender\u00e1 su vida \u00fatil.\n<a href=\"\/es\/services\/reglazing-tiles\/\" > M\u00e1s informaci\u00f3n <\/a>","_links":{"self":[{"href":"https:\/\/reglazingbathtubs.com\/es\/wp-json\/wp\/v2\/pages\/31"}],"collection":[{"href":"https:\/\/reglazingbathtubs.com\/es\/wp-json\/wp\/v2\/pages"}],"about":[{"href":"https:\/\/reglazingbathtubs.com\/es\/wp-json\/wp\/v2\/types\/page"}],"author":[{"embeddable":true,"href":"https:\/\/reglazingbathtubs.com\/es\/wp-json\/wp\/v2\/users\/1"}],"replies":[{"embeddable":true,"href":"https:\/\/reglazingbathtubs.com\/es\/wp-json\/wp\/v2\/comments?post=31"}],"version-history":[{"count":4,"href":"https:\/\/reglazingbathtubs.com\/es\/wp-json\/wp\/v2\/pages\/31\/revisions"}],"predecessor-version":[{"id":263,"href":"https:\/\/reglazingbathtubs.com\/es\/wp-json\/wp\/v2\/pages\/31\/revisions\/263"}],"wp:attachment":[{"href":"https:\/\/reglazingbathtubs.com\/es\/wp-json\/wp\/v2\/media?parent=31"}],"curies":[{"name":"wp","href":"https:\/\/api.w.org\/{rel}","templated":true}]}}