{"id":28,"date":"2016-12-28T05:25:41","date_gmt":"2016-12-28T05:25:41","guid":{"rendered":"https:\/\/reglazingbathtubs.com\/es\/index.php\/contact-us\/"},"modified":"2024-09-09T07:01:49","modified_gmt":"2024-09-09T07:01:49","slug":"contact-us","status":"publish","type":"page","link":"https:\/\/reglazingbathtubs.com\/es\/contact-us\/","title":{"rendered":"Contact Us"},"content":{"rendered":"<!--themify_builder_content-->\n<div id=\"themify_builder_content-28\" data-postid=\"28\" class=\"themify_builder_content themify_builder_content-28 themify_builder tf_clear\">\n    \t<!-- module_row -->\n\t<div  data-css_id=\"97a54c2\" data-lazy=\"1\" class=\"module_row themify_builder_row fullcover fullwidth_row_container tb_97a54c2 tb_first tf_clearfix wow\" data-tf-animation=\"fadeIn\" >\n\t    <div class=\"builder_row_cover tf_abs\"><\/div>\t\t<div class=\"row_inner col_align_top col-count-1 tf_box tf_w tf_rel\">\n\t\t\t<div  data-lazy=\"1\" class=\"module_column tb-column col-full first tb_894b259 tf_box\">\n\t\t\t    \t        <div class=\"tb-column-inner tf_box tf_w\">\n\t\t    <!-- module text -->\n<div  class=\"module module-text tb_2103a4e    wow\" data-tf-animation=\"fadeInUp\" data-lazy=\"1\">\n        <div  class=\"tb_text_wrap\">\n    <h1>Contacta con nosotros<\/h1>    <\/div>\n<\/div>\n<!-- \/module text -->\t        <\/div>\n\t    \t<\/div>\n\t\t    <\/div>\n\t    <!-- \/row_inner -->\n\t<\/div>\n\t<!-- \/module_row -->\n\t\t<!-- module_row -->\n\t<div  data-lazy=\"1\" class=\"module_row themify_builder_row tb_644b759 tf_clearfix\" >\n\t    \t\t<div class=\"row_inner col_align_top col-count-2 tf_box tf_w tf_rel\">\n\t\t\t<div  data-lazy=\"1\" class=\"module_column tb-column col4-2 first tb_c9d234c tf_box\">\n\t\t\t    \t        <div class=\"tb-column-inner tf_box tf_w\">\n\t\t    <!-- module text -->\n<div  class=\"module module-text tb_ac77ec8    wow\" data-tf-animation=\"fadeInLeft\" data-lazy=\"1\">\n        <div  class=\"tb_text_wrap\">\n    <h3>Contacta con nosotros<\/h3>\n<p>En Fast Home Repair LLC Reglazing Bathtubs, nos apasiona ayudar a nuestros clientes a transformar sus ba\u00f1eras viejas y desgastadas en accesorios hermosos y como nuevos. Creemos que todos merecen un ba\u00f1o c\u00f3modo y elegante, sin importar su presupuesto, y es por eso que ofrecemos servicios de reglazing asequibles y de alta calidad.<\/p>    <\/div>\n<\/div>\n<!-- \/module text -->\t        <\/div>\n\t    \t<\/div>\n\t\t<div  data-lazy=\"1\" class=\"module_column tb-column col4-2 last tb_3660d2a tf_box\">\n\t\t\t    \t        <div class=\"tb-column-inner tf_box tf_w\">\n\t\t    <!-- module text -->\n<div  class=\"module module-text tb_4cbcd3a    wow\" data-tf-animation=\"fadeInRight\" data-lazy=\"1\">\n        <div  class=\"tb_text_wrap\">\n    <h3>Nuestra direcci\u00f3n<\/h3>    <\/div>\n<\/div>\n<!-- \/module text --><!-- module icon -->\n<div  class=\"module module-icon tb_cead636 contact-info small none icon_vertical  wow\" data-tf-animation=\"fadeInRight\" data-lazy=\"1\">\n    \t    <div class=\"module-icon-item\">\n\t\t\t\t\t\t\t\t\t\t\t\t\t\t\t\t\t<em class=\"ui tf_vmiddle tf_textc tf_box \"><svg  aria-hidden=\"true\" class=\"tf_fa tf-ti-home\"><use href=\"#tf-ti-home\"><\/use><\/svg><\/em>\n\t\t\t\t\t\t\t\t\t\t\t\t                    \t\t\t\t\t<span class=\"tf_vmiddle\">541 Dorothy Dr, Des Plaines IL, 60016-5761<\/span>\n                                    \t\t\t\t    <\/div>\n\t\t    <div class=\"module-icon-item\">\n\t\t\t\t\t\t\t\t\t\t\t\t\t\t\t\t\t<em class=\"ui tf_vmiddle tf_textc tf_box \"><svg  aria-hidden=\"true\" class=\"tf_fa tf-ti-email\"><use href=\"#tf-ti-email\"><\/use><\/svg><\/em>\n\t\t\t\t\t\t\t\t\t\t\t\t                    \t\t\t\t\t<span class=\"tf_vmiddle\">info@reglazingbathtubs.com\/es<\/span>\n                                    \t\t\t\t    <\/div>\n\t\t    <div class=\"module-icon-item\">\n\t\t\t\t\t\t\t\t\t\t\t\t\t\t\t\t\t<em class=\"ui tf_vmiddle tf_textc tf_box \"><svg  aria-hidden=\"true\" class=\"tf_fa tf-fas-phone\"><use href=\"#tf-fas-phone\"><\/use><\/svg><\/em>\n\t\t\t\t\t\t\t\t\t\t\t\t                    \t\t\t\t\t<span class=\"tf_vmiddle\">+1 (312) 448-4848<\/span>\n                                    \t\t\t\t    <\/div>\n\t\t    <div class=\"module-icon-item\">\n\t\t\t\t\t\t\t\t\t\t\t\t\t\t\t\t\t<em class=\"ui tf_vmiddle tf_textc tf_box \"><svg  aria-hidden=\"true\" class=\"tf_fa tf-ti-time\"><use href=\"#tf-ti-time\"><\/use><\/svg><\/em>\n\t\t\t\t\t\t\t\t\t\t\t\t                    \t\t\t\t\t<span class=\"tf_vmiddle\">Todos los d\u00edas de 9:00 a 18:00 horas.<\/span>\n                                    \t\t\t\t    <\/div>\n\t<\/div>\n<!-- \/module icon -->\n\t        <\/div>\n\t    \t<\/div>\n\t\t    <\/div>\n\t    <!-- \/row_inner -->\n\t<\/div>\n\t<!-- \/module_row -->\n\t\t<!-- module_row -->\n\t<div  data-lazy=\"1\" class=\"module_row themify_builder_row tb_986e6ed tf_clearfix wow\" data-tf-animation=\"fadeInUp\" >\n\t    \t\t<div class=\"row_inner col_align_top col-count-1 tf_box tf_w tf_rel\">\n\t\t\t<div  data-lazy=\"1\" class=\"module_column tb-column col-full first tb_5a78ddb tf_box\">\n\t\t\t    \t        <div class=\"tb-column-inner tf_box tf_w\">\n\t\t    \t<div  data-lazy=\"1\" class=\"module_subrow themify_builder_sub_row tb_3fffb55 tf_w tf_clearfix\">\n\t    \t\t<div class=\"subrow_inner col_align_top col-count-3 tf_box tf_w\">\n\t\t\t<div  style=\"width: 13.1865%\" data-lazy=\"1\" class=\"sub_column module_column tf_box col4-1 first tb_a1164b8\"> \n\t    \t    \t<\/div>\n\t\t<div  style=\"width: 67.2885%\" data-lazy=\"1\" class=\"sub_column module_column tf_box col4-2 middle tb_cb185fb contact-form\" > \n\t    \t    \t        <div class=\"tb-column-inner tf_box tf_w\">\n\t\t    <!-- module text -->\n<div  class=\"module module-text tb_70a3581    wow\" data-tf-animation=\"fadeInUp\" data-lazy=\"1\">\n        <div  class=\"tb_text_wrap\">\n    <h2>Contacto<\/h2>    <\/div>\n<\/div>\n<!-- \/module text --><!-- module plain text -->\n<div  class=\"module module-plain-text tb_wmsp290 \" data-lazy=\"1\">\n        <div class=\"tb_text_wrap\">\n\t<div class=\"forminator-ui forminator-custom-form forminator-custom-form-134 forminator-design--default  forminator_ajax\" data-forminator-render=\"0\" data-form=\"forminator-module-134\" data-uid=\"69fc727b67731\"><br\/><\/div><form\n\t\t\t\tid=\"forminator-module-134\"\n\t\t\t\tclass=\"forminator-ui forminator-custom-form forminator-custom-form-134 forminator-design--default  forminator_ajax\"\n\t\t\t\tmethod=\"post\"\n\t\t\t\tdata-forminator-render=\"0\"\n\t\t\t\tdata-form-id=\"134\"\n\t\t\t\t\n\t\t\t\tdata-design=\"default\"\n\t\t\t\t\n\t\t\t\t\n\t\t\t\t\n\t\t\t\tdata-grid=\"open\"\n\t\t\t\tenctype=\"multipart\/form-data\"\n\t\t\t\t\n\t\t\t\tstyle=\"display: none;\"\n\t\t\t\t\n\t\t\t\tdata-uid=\"69fc727b67731\"\n\t\t\t><div role=\"alert\" aria-live=\"polite\" class=\"forminator-response-message forminator-error\" aria-hidden=\"true\"><\/div><div class=\"forminator-row\"><div id=\"name-1\" class=\"forminator-field-name forminator-col forminator-col-12 \"><div class=\"forminator-field\"><label for=\"forminator-field-name-1_69fc727b67731\" id=\"forminator-field-name-1_69fc727b67731-label\" class=\"forminator-label\">Nombre de pila <span class=\"forminator-required\">*<\/span><\/label><input type=\"text\" name=\"name-1\" value=\"\" placeholder=\"\" id=\"forminator-field-name-1_69fc727b67731\" class=\"forminator-input forminator-name--field\" aria-required=\"true\" \/><\/div><\/div><\/div><div class=\"forminator-row\"><div id=\"phone-1\" class=\"forminator-field-phone forminator-col forminator-col-12 \"><div class=\"forminator-field\"><label for=\"forminator-field-phone-1_69fc727b67731\" id=\"forminator-field-phone-1_69fc727b67731-label\" class=\"forminator-label\">N\u00famero de tel\u00e9fono<\/label><input type=\"text\" name=\"phone-1\" value=\"\" placeholder=\"\" id=\"forminator-field-phone-1_69fc727b67731\" class=\"forminator-input forminator-field--phone\" data-required=\"\" aria-required=\"false\" autocomplete=\"off\" \/><\/div><\/div><\/div><div class=\"forminator-row\"><div id=\"email-1\" class=\"forminator-field-email forminator-col forminator-col-12 \"><div class=\"forminator-field\"><label for=\"forminator-field-email-1_69fc727b67731\" id=\"forminator-field-email-1_69fc727b67731-label\" class=\"forminator-label\">Direcci\u00f3n de correo electr\u00f3nico <span class=\"forminator-required\">*<\/span><\/label><input type=\"email\" name=\"email-1\" value=\"\" placeholder=\"\" id=\"forminator-field-email-1_69fc727b67731\" class=\"forminator-input forminator-email--field\" data-required=\"true\" aria-required=\"true\" \/><\/div><\/div><\/div><div class=\"forminator-row\"><div id=\"upload-1\" class=\"forminator-field-upload forminator-col forminator-col-12 \"><div class=\"forminator-field\"><label for=\"forminator-field-upload-1_69fc727b67731\" id=\"forminator-field-upload-1_69fc727b67731-label\" class=\"forminator-label\">Seleccionar imagen (ba\u00f1era etc...)<\/label><div class=\"forminator-file-upload \" data-element=\"upload-1_69fc727b67731\"><input type=\"file\" name=\"upload-1\" id=\"forminator-field-upload-1_69fc727b67731\" class=\"forminator-input-file\" accept=\".jpg,.jpeg,.jpe,.gif,.png,.bmp,.tiff,.tif,.webp,.ico,.heic,.asf,.asx,.wmv,.wmx,.wm,.avi,.divx,.flv,.mov,.qt,.mpeg,.mpg,.mpe,.mp4,.m4v,.ogv,.webm,.mkv,.3gp,.3gpp,.3g2,.3gp2,.txt,.asc,.c,.cc,.h,.srt,.csv,.tsv,.ics,.rtx,.css,.htm,.html,.vtt,.dfxp,.mp3,.m4a,.m4b,.aac,.ra,.ram,.wav,.ogg,.oga,.flac,.mid,.midi,.wma,.wax,.mka,.rtf,.js,.pdf,.class,.tar,.zip,.gz,.gzip,.rar,.7z,.psd,.xcf,.doc,.pot,.pps,.ppt,.wri,.xla,.xls,.xlt,.xlw,.mdb,.mpp,.docx,.docm,.dotx,.dotm,.xlsx,.xlsm,.xlsb,.xltx,.xltm,.xlam,.pptx,.pptm,.ppsx,.ppsm,.potx,.potm,.ppam,.sldx,.sldm,.onetoc,.onetoc2,.onetmp,.onepkg,.oxps,.xps,.odt,.odp,.ods,.odg,.odc,.odb,.odf,.wp,.wpd,.key,.numbers,.pages,.svg,.svgz,.json,.woff,.woff2,.ttf,.eot,.otf\"><button id=\"forminator-field-upload-1_69fc727b67731_button\" class=\"forminator-button forminator-button-upload\" data-id=\"forminator-field-upload-1_69fc727b67731\">Choose File<\/button><span data-empty-text=\"No file chosen\">No file chosen<\/span><button class=\"forminator-button-delete\" style=\"display: none;\"><i class=\"forminator-icon-close\" aria-hidden=\"true\"><\/i><span class=\"forminator-screen-reader-only\">Delete uploaded file<\/span><\/button><\/div><\/div><\/div><\/div><div class=\"forminator-row\"><div id=\"textarea-1\" class=\"forminator-field-textarea forminator-col forminator-col-12 \"><div class=\"forminator-field\"><label for=\"forminator-field-textarea-1_69fc727b67731\" id=\"forminator-field-textarea-1_69fc727b67731-label\" class=\"forminator-label\">Mensaje<\/label><textarea name=\"textarea-1\" placeholder=\"Ingrese su mensaje...\" id=\"forminator-field-textarea-1_69fc727b67731\" class=\"forminator-textarea\" rows=\"6\" style=\"min-height:140px;\" maxlength=\"180\" ><\/textarea><span id=\"forminator-field-textarea-1_69fc727b67731-description\" class=\"forminator-description\"><span data-limit=\"180\" data-type=\"characters\" data-editor=\"\">0 \/ 180<\/span><\/span><\/div><\/div><\/div><div class=\"forminator-row\"><div id=\"captcha-1\" class=\"forminator-field-captcha forminator-col forminator-col-12 \"><div class=\"forminator-captcha-left forminator-g-recaptcha\" data-theme=\"light\"  data-sitekey=\"6LfkNzQkAAAAAJbFfu1OG4F6onJVMJ7a7KaYBkYR\" data-size=\"normal\"><\/div> <\/div><\/div><input type=\"hidden\" name=\"referer_url\" value=\"\" \/><div class=\"forminator-row forminator-row-last\"><div class=\"forminator-col\"><div class=\"forminator-field\"><button class=\"forminator-button forminator-button-submit\">Enviar mensaje<\/button><\/div><\/div><\/div><input type=\"hidden\" id=\"forminator_nonce\" name=\"forminator_nonce\" value=\"4ec0afa8f3\" \/><input type=\"hidden\" name=\"_wp_http_referer\" value=\"\/es\/wp-json\/wp\/v2\/pages\/28\" \/><input type=\"hidden\" name=\"form_id\" value=\"134\"><input type=\"hidden\" name=\"page_id\" value=\"28\"><input type=\"hidden\" name=\"form_type\" value=\"default\"><input type=\"hidden\" name=\"current_url\" value=\"https:\/\/reglazingbathtubs.com\/es\/contact-us\/\"><input type=\"hidden\" name=\"render_id\" value=\"0\"><input type=\"hidden\" name=\"action\" value=\"forminator_submit_form_custom-forms\"><label for=\"input_6\" class=\"forminator-hidden\" aria-hidden=\"true\">Please do not fill in this field. <input id=\"input_6\" type=\"text\" name=\"input_6\" value=\"\" autocomplete=\"off\"><\/label><\/form>    <\/div>\n<\/div>\n<!-- \/module plain text -->\t        <\/div>\n\t    \t<\/div>\n\t\t<div  style=\"width: 13.1261%\" data-lazy=\"1\" class=\"sub_column module_column tf_box col4-1 last tb_64126c0\"> \n\t    \t    \t<\/div>\n\t\t    <\/div>\n\t<\/div><!-- \/themify_builder_sub_row -->\n\t\t        <\/div>\n\t    \t<\/div>\n\t\t    <\/div>\n\t    <!-- \/row_inner -->\n\t<\/div>\n\t<!-- \/module_row -->\n\t<\/div>\n<!--\/themify_builder_content-->","protected":false},"excerpt":{"rendered":"<p>Contacta con nosotros Contacta con nosotros En Fast Home Repair LLC Reglazing Bathtubs, nos apasiona ayudar a nuestros clientes a transformar sus ba\u00f1eras viejas y desgastadas en accesorios hermosos y como nuevos. Creemos que todos merecen un ba\u00f1o c\u00f3modo y elegante, sin importar su presupuesto, y es por eso que ofrecemos servicios de reglazing asequibles [&hellip;]<\/p>\n","protected":false},"author":1,"featured_media":0,"parent":0,"menu_order":0,"comment_status":"closed","ping_status":"closed","template":"","meta":{"om_disable_all_campaigns":false,"_monsterinsights_skip_tracking":false,"_monsterinsights_sitenote_active":false,"_monsterinsights_sitenote_note":"","_monsterinsights_sitenote_category":0,"footnotes":""},"class_list":["post-28","page","type-page","status-publish","hentry","has-post-title","has-post-date","has-post-category","has-post-tag","has-post-comment","has-post-author",""],"aioseo_notices":[],"yoast_head":"<!-- This site is optimized with the Yoast SEO plugin v20.0 - https:\/\/yoast.com\/wordpress\/plugins\/seo\/ -->\n<title>Contact Us - Spanish reglazing<\/title>\n<meta name=\"robots\" content=\"index, follow, max-snippet:-1, max-image-preview:large, max-video-preview:-1\" \/>\n<link rel=\"canonical\" href=\"https:\/\/reglazingbathtubs.com\/es\/contact-us\/\" \/>\n<meta property=\"og:locale\" content=\"en_US\" \/>\n<meta property=\"og:type\" content=\"article\" \/>\n<meta property=\"og:title\" content=\"Contact Us - Spanish reglazing\" \/>\n<meta property=\"og:description\" content=\"Contacta con nosotros Contacta con nosotros En Fast Home Repair LLC Reglazing Bathtubs, nos apasiona ayudar a nuestros clientes a transformar sus ba\u00f1eras viejas y desgastadas en accesorios hermosos y como nuevos. Creemos que todos merecen un ba\u00f1o c\u00f3modo y elegante, sin importar su presupuesto, y es por eso que ofrecemos servicios de reglazing asequibles [&hellip;]\" \/>\n<meta property=\"og:url\" content=\"https:\/\/reglazingbathtubs.com\/es\/contact-us\/\" \/>\n<meta property=\"og:site_name\" content=\"Spanish reglazing\" \/>\n<meta property=\"article:modified_time\" content=\"2024-09-09T07:01:49+00:00\" \/>\n<meta name=\"twitter:card\" content=\"summary_large_image\" \/>\n<script type=\"application\/ld+json\" class=\"yoast-schema-graph\">{\"@context\":\"https:\/\/schema.org\",\"@graph\":[{\"@type\":\"WebPage\",\"@id\":\"https:\/\/reglazingbathtubs.com\/es\/contact-us\/\",\"url\":\"https:\/\/reglazingbathtubs.com\/es\/contact-us\/\",\"name\":\"Contact Us - Spanish reglazing\",\"isPartOf\":{\"@id\":\"https:\/\/reglazingbathtubs.com\/es\/#website\"},\"datePublished\":\"2016-12-28T05:25:41+00:00\",\"dateModified\":\"2024-09-09T07:01:49+00:00\",\"breadcrumb\":{\"@id\":\"https:\/\/reglazingbathtubs.com\/es\/contact-us\/#breadcrumb\"},\"inLanguage\":\"en-US\",\"potentialAction\":[{\"@type\":\"ReadAction\",\"target\":[\"https:\/\/reglazingbathtubs.com\/es\/contact-us\/\"]}]},{\"@type\":\"BreadcrumbList\",\"@id\":\"https:\/\/reglazingbathtubs.com\/es\/contact-us\/#breadcrumb\",\"itemListElement\":[{\"@type\":\"ListItem\",\"position\":1,\"name\":\"Home\",\"item\":\"https:\/\/reglazingbathtubs.com\/es\/\"},{\"@type\":\"ListItem\",\"position\":2,\"name\":\"Contact Us\"}]},{\"@type\":\"WebSite\",\"@id\":\"https:\/\/reglazingbathtubs.com\/es\/#website\",\"url\":\"https:\/\/reglazingbathtubs.com\/es\/\",\"name\":\"Spanish reglazing\",\"description\":\"\",\"potentialAction\":[{\"@type\":\"SearchAction\",\"target\":{\"@type\":\"EntryPoint\",\"urlTemplate\":\"https:\/\/reglazingbathtubs.com\/es\/?s={search_term_string}\"},\"query-input\":\"required name=search_term_string\"}],\"inLanguage\":\"en-US\"}]}<\/script>\n<!-- \/ Yoast SEO plugin. -->","yoast_head_json":{"title":"Contact Us - Spanish reglazing","robots":{"index":"index","follow":"follow","max-snippet":"max-snippet:-1","max-image-preview":"max-image-preview:large","max-video-preview":"max-video-preview:-1"},"canonical":"https:\/\/reglazingbathtubs.com\/es\/contact-us\/","og_locale":"en_US","og_type":"article","og_title":"Contact Us - Spanish reglazing","og_description":"Contacta con nosotros Contacta con nosotros En Fast Home Repair LLC Reglazing Bathtubs, nos apasiona ayudar a nuestros clientes a transformar sus ba\u00f1eras viejas y desgastadas en accesorios hermosos y como nuevos. Creemos que todos merecen un ba\u00f1o c\u00f3modo y elegante, sin importar su presupuesto, y es por eso que ofrecemos servicios de reglazing asequibles [&hellip;]","og_url":"https:\/\/reglazingbathtubs.com\/es\/contact-us\/","og_site_name":"Spanish reglazing","article_modified_time":"2024-09-09T07:01:49+00:00","twitter_card":"summary_large_image","schema":{"@context":"https:\/\/schema.org","@graph":[{"@type":"WebPage","@id":"https:\/\/reglazingbathtubs.com\/es\/contact-us\/","url":"https:\/\/reglazingbathtubs.com\/es\/contact-us\/","name":"Contact Us - Spanish reglazing","isPartOf":{"@id":"https:\/\/reglazingbathtubs.com\/es\/#website"},"datePublished":"2016-12-28T05:25:41+00:00","dateModified":"2024-09-09T07:01:49+00:00","breadcrumb":{"@id":"https:\/\/reglazingbathtubs.com\/es\/contact-us\/#breadcrumb"},"inLanguage":"en-US","potentialAction":[{"@type":"ReadAction","target":["https:\/\/reglazingbathtubs.com\/es\/contact-us\/"]}]},{"@type":"BreadcrumbList","@id":"https:\/\/reglazingbathtubs.com\/es\/contact-us\/#breadcrumb","itemListElement":[{"@type":"ListItem","position":1,"name":"Home","item":"https:\/\/reglazingbathtubs.com\/es\/"},{"@type":"ListItem","position":2,"name":"Contact Us"}]},{"@type":"WebSite","@id":"https:\/\/reglazingbathtubs.com\/es\/#website","url":"https:\/\/reglazingbathtubs.com\/es\/","name":"Spanish reglazing","description":"","potentialAction":[{"@type":"SearchAction","target":{"@type":"EntryPoint","urlTemplate":"https:\/\/reglazingbathtubs.com\/es\/?s={search_term_string}"},"query-input":"required name=search_term_string"}],"inLanguage":"en-US"}]}},"builder_content":"<h1>Contacta con nosotros<\/h1>\n<h3>Contacta con nosotros<\/h3> <p>En Fast Home Repair LLC Reglazing Bathtubs, nos apasiona ayudar a nuestros clientes a transformar sus ba\u00f1eras viejas y desgastadas en accesorios hermosos y como nuevos. Creemos que todos merecen un ba\u00f1o c\u00f3modo y elegante, sin importar su presupuesto, y es por eso que ofrecemos servicios de reglazing asequibles y de alta calidad.<\/p>\n<h3>Nuestra direcci\u00f3n<\/h3>\n<em><svg aria-hidden=\"true\"><use href=\"#tf-ti-home\"><\/use><\/svg><\/em> 541 Dorothy Dr, Des Plaines IL, 60016-5761 <em><svg aria-hidden=\"true\"><use href=\"#tf-ti-email\"><\/use><\/svg><\/em> info@reglazingbathtubs.com\/es <em><svg aria-hidden=\"true\"><use href=\"#tf-fas-phone\"><\/use><\/svg><\/em> +1 (312) 448-4848 <em><svg aria-hidden=\"true\"><use href=\"#tf-ti-time\"><\/use><\/svg><\/em> Todos los d\u00edas de 9:00 a 18:00 horas.\n<h2>Contacto<\/h2>\n[forminator_form id=\"134\"]","_links":{"self":[{"href":"https:\/\/reglazingbathtubs.com\/es\/wp-json\/wp\/v2\/pages\/28"}],"collection":[{"href":"https:\/\/reglazingbathtubs.com\/es\/wp-json\/wp\/v2\/pages"}],"about":[{"href":"https:\/\/reglazingbathtubs.com\/es\/wp-json\/wp\/v2\/types\/page"}],"author":[{"embeddable":true,"href":"https:\/\/reglazingbathtubs.com\/es\/wp-json\/wp\/v2\/users\/1"}],"replies":[{"embeddable":true,"href":"https:\/\/reglazingbathtubs.com\/es\/wp-json\/wp\/v2\/comments?post=28"}],"version-history":[{"count":7,"href":"https:\/\/reglazingbathtubs.com\/es\/wp-json\/wp\/v2\/pages\/28\/revisions"}],"predecessor-version":[{"id":261,"href":"https:\/\/reglazingbathtubs.com\/es\/wp-json\/wp\/v2\/pages\/28\/revisions\/261"}],"wp:attachment":[{"href":"https:\/\/reglazingbathtubs.com\/es\/wp-json\/wp\/v2\/media?parent=28"}],"curies":[{"name":"wp","href":"https:\/\/api.w.org\/{rel}","templated":true}]}}