{"id":101,"date":"2023-01-28T13:45:17","date_gmt":"2023-01-28T13:45:17","guid":{"rendered":"https:\/\/reglazingbathtubs.com\/es\/?page_id=101"},"modified":"2024-09-09T11:18:03","modified_gmt":"2024-09-09T11:18:03","slug":"reglazing-sinks","status":"publish","type":"page","link":"https:\/\/reglazingbathtubs.com\/es\/services\/reglazing-sinks\/","title":{"rendered":"Reglazing Sinks"},"content":{"rendered":"<!--themify_builder_content-->\n<div id=\"themify_builder_content-101\" data-postid=\"101\" class=\"themify_builder_content themify_builder_content-101 themify_builder tf_clear\">\n    \t<!-- module_row -->\n\t<div  data-css_id=\"jpd4952\" data-lazy=\"1\" class=\"module_row themify_builder_row builder-parallax-scrolling fullwidth_row_container tb_jpd4952 tb_first tf_clearfix wow\" data-tf-animation=\"fadeIn\" >\n\t    <div class=\"builder_row_cover tf_abs\"><\/div>\t\t<div class=\"row_inner col_align_top col-count-1 tf_box tf_w tf_rel\">\n\t\t\t<div  data-lazy=\"1\" class=\"module_column tb-column col-full first tb_mr6d953 tf_box\">\n\t\t\t    \t        <div class=\"tb-column-inner tf_box tf_w\">\n\t\t    <!-- module text -->\n<div  class=\"module module-text tb_ybp8953    wow\" data-tf-animation=\"fadeInUp\" data-lazy=\"1\">\n        <div  class=\"tb_text_wrap\">\n    <h1>Reacondicionamiento de lavabos<\/h1>    <\/div>\n<\/div>\n<!-- \/module text -->\t        <\/div>\n\t    \t<\/div>\n\t\t    <\/div>\n\t    <!-- \/row_inner -->\n\t<\/div>\n\t<!-- \/module_row -->\n\t\t<!-- module_row -->\n\t<div  data-lazy=\"1\" class=\"module_row themify_builder_row tb_ndj1706 tf_clearfix\" >\n\t    \t\t<div class=\"row_inner col_align_top col-count-1 tf_box tf_w tf_rel\">\n\t\t\t<div  data-lazy=\"1\" class=\"module_column tb-column col-full first tb_3ktn706 tf_box\">\n\t\t\t    \t        <div class=\"tb-column-inner tf_box tf_w\">\n\t\t    \t<div  data-lazy=\"1\" class=\"module_subrow themify_builder_sub_row tb_1wcy707 tf_w tf_clearfix\">\n\t    \t\t<div class=\"subrow_inner col_align_top col-count-1 tf_box tf_w\">\n\t\t\t<div  data-lazy=\"1\" class=\"sub_column module_column tf_box col-full first tb_m1as707\"> \n\t    \t    \t        <div class=\"tb-column-inner tf_box tf_w\">\n\t\t    <!-- module text -->\n<div  class=\"module module-text tb_dgk2707   \" data-lazy=\"1\">\n        <div  class=\"tb_text_wrap\">\n    <h2>\u00bfQu\u00e9 es el reesmaltado del fregadero?<\/h2>\n<p>El reacabado, tambi\u00e9n llamado reacondicionamiento o renovaci\u00f3n de la superficie, significa que se quita el revestimiento de alto brillo existente en el fregadero, se prepara la superficie y se aplica un nuevo revestimiento, tambi\u00e9n de alto brillo, a la superficie del fregadero. El nuevo revestimiento es brillante, limpio y sin goteos ni marcas de pincel, lo que le da un fregadero que parece nuevo.<\/p>\n<p>\u00bfPor qu\u00e9 deber\u00eda reacabar mi fregadero en lugar de reemplazarlo?<\/p>\n<p>Si bien un fregadero en s\u00ed puede ser econ\u00f3mico, es importante considerar los otros costos que implica reemplazarlo. Simplemente sacar el fregadero existente de la encimera en la que est\u00e1 colocado puede ser complicado, llevar mucho tiempo y ser costoso. Es posible que deba contratar a un plomero e incluso renunciar a su cocina o ba\u00f1o durante unos d\u00edas mientras el nuevo fregadero se conecta a la plomer\u00eda existente. Tambi\u00e9n es posible que deba contratar a un reparador de viviendas para que instale el fregadero y agregue masilla y accesorios nuevos. Y eso es a\u00fan m\u00e1s dinero gastado.<\/p>\n<p>Para aquellos que tienen lavabos con pedestal, el reemplazo puede requerir a\u00fan m\u00e1s tiempo y ser m\u00e1s dif\u00edcil, especialmente por los costos de demolici\u00f3n. Y si su lavabo tiene una forma o un tama\u00f1o inusual, es posible que ni siquiera pueda encontrar un reemplazo que se ajuste exactamente a sus necesidades. Por lo tanto, podr\u00eda resultar muy costoso o incluso imposible reemplazarlo sin renovar toda la zona de los accesorios.<\/p>\n<p>El reacondicionamiento significa que su lavabo puede permanecer donde est\u00e1. Le ahorra el costo de remoci\u00f3n, eliminaci\u00f3n y trabajo de plomer\u00eda adicional, al tiempo que elimina esas manchas dif\u00edciles o los puntos agrietados. Y lo mejor de todo es que solo tiene que abandonar su cocina o ba\u00f1o durante unas pocas horas de trabajo de preparaci\u00f3n, m\u00e1s algunas m\u00e1s para que el revestimiento se fije y se cure. Luego, puede volver a trabajar como de costumbre.<\/p>    <\/div>\n<\/div>\n<!-- \/module text -->\t        <\/div>\n\t    \t<\/div>\n\t\t    <\/div>\n\t<\/div><!-- \/themify_builder_sub_row -->\n\t\t        <\/div>\n\t    \t<\/div>\n\t\t    <\/div>\n\t    <!-- \/row_inner -->\n\t<\/div>\n\t<!-- \/module_row -->\n\t\t<!-- module_row -->\n\t<div  data-lazy=\"1\" class=\"module_row themify_builder_row tb_8d8q430 tf_clearfix\">\n\t    \t\t<div class=\"row_inner col_align_top col-count-1 tf_box tf_w tf_rel\">\n\t\t\t<div  data-lazy=\"1\" class=\"module_column tb-column col-full first tb_a71q431 tf_box\">\n\t\t\t    \t        <div class=\"tb-column-inner tf_box tf_w\">\n\t\t    \t<div  data-lazy=\"1\" class=\"module_subrow themify_builder_sub_row tb_zrd3431 tf_w tf_clearfix\">\n\t    \t\t<div class=\"subrow_inner col_align_top col-count-2 tf_box tf_w\">\n\t\t\t<div  data-lazy=\"1\" class=\"sub_column module_column tf_box col2-1 first tb_skft431\"> \n\t    \t    \t        <div class=\"tb-column-inner tf_box tf_w\">\n\t\t    <!-- module image -->\n<div  class=\"module module-image tb_d1ib431   image-top tf_mw\" data-lazy=\"1\">\n    <h3 class=\"module-title\">Antes<\/h3>    <div class=\"image-wrap tf_rel tf_mw\">\n\t\t    <img loading=\"lazy\" decoding=\"async\" src=\"https:\/\/reglazingbathtubs.com\/es\/wp-content\/uploads\/2023\/01\/photo_4958524775727213367_y-rotated.jpg\" width=\"1280\" height=\"720\" title=\"Reglazing Sinks\" alt=\"Reglazing Sinks\">\t\n\t\t<\/div>\n\t<!-- \/image-wrap -->\n    \n    \t<\/div>\n<!-- \/module image -->\t        <\/div>\n\t    \t<\/div>\n\t\t<div  data-lazy=\"1\" class=\"sub_column module_column tf_box col2-1 last tb_fpdq431\"> \n\t    \t    \t        <div class=\"tb-column-inner tf_box tf_w\">\n\t\t    <!-- module image -->\n<div  class=\"module module-image tb_183i432   image-top tf_mw\" data-lazy=\"1\">\n    <h3 class=\"module-title\">Despu\u00e9s<\/h3>    <div class=\"image-wrap tf_rel tf_mw\">\n\t\t    <img loading=\"lazy\" decoding=\"async\" src=\"https:\/\/reglazingbathtubs.com\/es\/wp-content\/uploads\/2023\/01\/photo_4958524775727213368_y.jpg\" width=\"1280\" height=\"720\" title=\"Reglazing Sinks\" alt=\"Reglazing Sinks\">\t\n\t\t<\/div>\n\t<!-- \/image-wrap -->\n    \n    \t<\/div>\n<!-- \/module image -->\t        <\/div>\n\t    \t<\/div>\n\t\t    <\/div>\n\t<\/div><!-- \/themify_builder_sub_row -->\n\t\t        <\/div>\n\t    \t<\/div>\n\t\t    <\/div>\n\t    <!-- \/row_inner -->\n\t<\/div>\n\t<!-- \/module_row -->\n\t<\/div>\n<!--\/themify_builder_content-->","protected":false},"excerpt":{"rendered":"<p>Reacondicionamiento de lavabos \u00bfQu\u00e9 es el reesmaltado del fregadero? El reacabado, tambi\u00e9n llamado reacondicionamiento o renovaci\u00f3n de la superficie, significa que se quita el revestimiento de alto brillo existente en el fregadero, se prepara la superficie y se aplica un nuevo revestimiento, tambi\u00e9n de alto brillo, a la superficie del fregadero. El nuevo revestimiento es [&hellip;]<\/p>\n","protected":false},"author":1,"featured_media":0,"parent":31,"menu_order":0,"comment_status":"closed","ping_status":"closed","template":"","meta":{"om_disable_all_campaigns":false,"_monsterinsights_skip_tracking":false,"_monsterinsights_sitenote_active":false,"_monsterinsights_sitenote_note":"","_monsterinsights_sitenote_category":0,"footnotes":""},"class_list":["post-101","page","type-page","status-publish","hentry","has-post-title","has-post-date","has-post-category","has-post-tag","has-post-comment","has-post-author",""],"aioseo_notices":[],"yoast_head":"<!-- This site is optimized with the Yoast SEO plugin v20.0 - https:\/\/yoast.com\/wordpress\/plugins\/seo\/ -->\n<title>Reglazing Sinks - Spanish reglazing<\/title>\n<meta name=\"robots\" content=\"index, follow, max-snippet:-1, max-image-preview:large, max-video-preview:-1\" \/>\n<link rel=\"canonical\" href=\"https:\/\/reglazingbathtubs.com\/es\/services\/reglazing-sinks\/\" \/>\n<meta property=\"og:locale\" content=\"en_US\" \/>\n<meta property=\"og:type\" content=\"article\" \/>\n<meta property=\"og:title\" content=\"Reglazing Sinks - Spanish reglazing\" \/>\n<meta property=\"og:description\" content=\"Reacondicionamiento de lavabos \u00bfQu\u00e9 es el reesmaltado del fregadero? El reacabado, tambi\u00e9n llamado reacondicionamiento o renovaci\u00f3n de la superficie, significa que se quita el revestimiento de alto brillo existente en el fregadero, se prepara la superficie y se aplica un nuevo revestimiento, tambi\u00e9n de alto brillo, a la superficie del fregadero. El nuevo revestimiento es [&hellip;]\" \/>\n<meta property=\"og:url\" content=\"https:\/\/reglazingbathtubs.com\/es\/services\/reglazing-sinks\/\" \/>\n<meta property=\"og:site_name\" content=\"Spanish reglazing\" \/>\n<meta property=\"article:modified_time\" content=\"2024-09-09T11:18:03+00:00\" \/>\n<meta property=\"og:image\" content=\"https:\/\/reglazingbathtubs.com\/es\/wp-content\/uploads\/2023\/01\/photo_4958524775727213367_y-rotated.jpg\" \/>\n<meta name=\"twitter:card\" content=\"summary_large_image\" \/>\n<meta name=\"twitter:label1\" content=\"Est. reading time\" \/>\n\t<meta name=\"twitter:data1\" content=\"2 minutes\" \/>\n<script type=\"application\/ld+json\" class=\"yoast-schema-graph\">{\"@context\":\"https:\/\/schema.org\",\"@graph\":[{\"@type\":\"WebPage\",\"@id\":\"https:\/\/reglazingbathtubs.com\/es\/services\/reglazing-sinks\/\",\"url\":\"https:\/\/reglazingbathtubs.com\/es\/services\/reglazing-sinks\/\",\"name\":\"Reglazing Sinks - Spanish reglazing\",\"isPartOf\":{\"@id\":\"https:\/\/reglazingbathtubs.com\/es\/#website\"},\"datePublished\":\"2023-01-28T13:45:17+00:00\",\"dateModified\":\"2024-09-09T11:18:03+00:00\",\"breadcrumb\":{\"@id\":\"https:\/\/reglazingbathtubs.com\/es\/services\/reglazing-sinks\/#breadcrumb\"},\"inLanguage\":\"en-US\",\"potentialAction\":[{\"@type\":\"ReadAction\",\"target\":[\"https:\/\/reglazingbathtubs.com\/es\/services\/reglazing-sinks\/\"]}]},{\"@type\":\"BreadcrumbList\",\"@id\":\"https:\/\/reglazingbathtubs.com\/es\/services\/reglazing-sinks\/#breadcrumb\",\"itemListElement\":[{\"@type\":\"ListItem\",\"position\":1,\"name\":\"Home\",\"item\":\"https:\/\/reglazingbathtubs.com\/es\/\"},{\"@type\":\"ListItem\",\"position\":2,\"name\":\"Services\",\"item\":\"https:\/\/reglazingbathtubs.com\/es\/services\/\"},{\"@type\":\"ListItem\",\"position\":3,\"name\":\"Reglazing Sinks\"}]},{\"@type\":\"WebSite\",\"@id\":\"https:\/\/reglazingbathtubs.com\/es\/#website\",\"url\":\"https:\/\/reglazingbathtubs.com\/es\/\",\"name\":\"Spanish reglazing\",\"description\":\"\",\"potentialAction\":[{\"@type\":\"SearchAction\",\"target\":{\"@type\":\"EntryPoint\",\"urlTemplate\":\"https:\/\/reglazingbathtubs.com\/es\/?s={search_term_string}\"},\"query-input\":\"required name=search_term_string\"}],\"inLanguage\":\"en-US\"}]}<\/script>\n<!-- \/ Yoast SEO plugin. -->","yoast_head_json":{"title":"Reglazing Sinks - Spanish reglazing","robots":{"index":"index","follow":"follow","max-snippet":"max-snippet:-1","max-image-preview":"max-image-preview:large","max-video-preview":"max-video-preview:-1"},"canonical":"https:\/\/reglazingbathtubs.com\/es\/services\/reglazing-sinks\/","og_locale":"en_US","og_type":"article","og_title":"Reglazing Sinks - Spanish reglazing","og_description":"Reacondicionamiento de lavabos \u00bfQu\u00e9 es el reesmaltado del fregadero? El reacabado, tambi\u00e9n llamado reacondicionamiento o renovaci\u00f3n de la superficie, significa que se quita el revestimiento de alto brillo existente en el fregadero, se prepara la superficie y se aplica un nuevo revestimiento, tambi\u00e9n de alto brillo, a la superficie del fregadero. El nuevo revestimiento es [&hellip;]","og_url":"https:\/\/reglazingbathtubs.com\/es\/services\/reglazing-sinks\/","og_site_name":"Spanish reglazing","article_modified_time":"2024-09-09T11:18:03+00:00","og_image":[{"url":"https:\/\/reglazingbathtubs.com\/es\/wp-content\/uploads\/2023\/01\/photo_4958524775727213367_y-rotated.jpg"}],"twitter_card":"summary_large_image","twitter_misc":{"Est. reading time":"2 minutes"},"schema":{"@context":"https:\/\/schema.org","@graph":[{"@type":"WebPage","@id":"https:\/\/reglazingbathtubs.com\/es\/services\/reglazing-sinks\/","url":"https:\/\/reglazingbathtubs.com\/es\/services\/reglazing-sinks\/","name":"Reglazing Sinks - Spanish reglazing","isPartOf":{"@id":"https:\/\/reglazingbathtubs.com\/es\/#website"},"datePublished":"2023-01-28T13:45:17+00:00","dateModified":"2024-09-09T11:18:03+00:00","breadcrumb":{"@id":"https:\/\/reglazingbathtubs.com\/es\/services\/reglazing-sinks\/#breadcrumb"},"inLanguage":"en-US","potentialAction":[{"@type":"ReadAction","target":["https:\/\/reglazingbathtubs.com\/es\/services\/reglazing-sinks\/"]}]},{"@type":"BreadcrumbList","@id":"https:\/\/reglazingbathtubs.com\/es\/services\/reglazing-sinks\/#breadcrumb","itemListElement":[{"@type":"ListItem","position":1,"name":"Home","item":"https:\/\/reglazingbathtubs.com\/es\/"},{"@type":"ListItem","position":2,"name":"Services","item":"https:\/\/reglazingbathtubs.com\/es\/services\/"},{"@type":"ListItem","position":3,"name":"Reglazing Sinks"}]},{"@type":"WebSite","@id":"https:\/\/reglazingbathtubs.com\/es\/#website","url":"https:\/\/reglazingbathtubs.com\/es\/","name":"Spanish reglazing","description":"","potentialAction":[{"@type":"SearchAction","target":{"@type":"EntryPoint","urlTemplate":"https:\/\/reglazingbathtubs.com\/es\/?s={search_term_string}"},"query-input":"required name=search_term_string"}],"inLanguage":"en-US"}]}},"builder_content":"<h1>Reacondicionamiento de lavabos<\/h1>\n<h2>\u00bfQu\u00e9 es el reesmaltado del fregadero?<\/h2> <p>El reacabado, tambi\u00e9n llamado reacondicionamiento o renovaci\u00f3n de la superficie, significa que se quita el revestimiento de alto brillo existente en el fregadero, se prepara la superficie y se aplica un nuevo revestimiento, tambi\u00e9n de alto brillo, a la superficie del fregadero. El nuevo revestimiento es brillante, limpio y sin goteos ni marcas de pincel, lo que le da un fregadero que parece nuevo.<\/p> <p>\u00bfPor qu\u00e9 deber\u00eda reacabar mi fregadero en lugar de reemplazarlo?<\/p> <p>Si bien un fregadero en s\u00ed puede ser econ\u00f3mico, es importante considerar los otros costos que implica reemplazarlo. Simplemente sacar el fregadero existente de la encimera en la que est\u00e1 colocado puede ser complicado, llevar mucho tiempo y ser costoso. Es posible que deba contratar a un plomero e incluso renunciar a su cocina o ba\u00f1o durante unos d\u00edas mientras el nuevo fregadero se conecta a la plomer\u00eda existente. Tambi\u00e9n es posible que deba contratar a un reparador de viviendas para que instale el fregadero y agregue masilla y accesorios nuevos. Y eso es a\u00fan m\u00e1s dinero gastado.<\/p> <p>Para aquellos que tienen lavabos con pedestal, el reemplazo puede requerir a\u00fan m\u00e1s tiempo y ser m\u00e1s dif\u00edcil, especialmente por los costos de demolici\u00f3n. Y si su lavabo tiene una forma o un tama\u00f1o inusual, es posible que ni siquiera pueda encontrar un reemplazo que se ajuste exactamente a sus necesidades. Por lo tanto, podr\u00eda resultar muy costoso o incluso imposible reemplazarlo sin renovar toda la zona de los accesorios.<\/p> <p>El reacondicionamiento significa que su lavabo puede permanecer donde est\u00e1. Le ahorra el costo de remoci\u00f3n, eliminaci\u00f3n y trabajo de plomer\u00eda adicional, al tiempo que elimina esas manchas dif\u00edciles o los puntos agrietados. Y lo mejor de todo es que solo tiene que abandonar su cocina o ba\u00f1o durante unas pocas horas de trabajo de preparaci\u00f3n, m\u00e1s algunas m\u00e1s para que el revestimiento se fije y se cure. Luego, puede volver a trabajar como de costumbre.<\/p>\n<h3>Antes<\/h3> <img src=\"https:\/\/reglazingbathtubs.com\/es\/wp-content\/uploads\/2023\/01\/photo_4958524775727213367_y-rotated.jpg\" width=\"1280\" height=\"720\" title=\"Reglazing Sinks\" alt=\"Reglazing Sinks\">\n<h3>Despu\u00e9s<\/h3> <img src=\"https:\/\/reglazingbathtubs.com\/es\/wp-content\/uploads\/2023\/01\/photo_4958524775727213368_y.jpg\" width=\"1280\" height=\"720\" title=\"Reglazing Sinks\" alt=\"Reglazing Sinks\">","_links":{"self":[{"href":"https:\/\/reglazingbathtubs.com\/es\/wp-json\/wp\/v2\/pages\/101"}],"collection":[{"href":"https:\/\/reglazingbathtubs.com\/es\/wp-json\/wp\/v2\/pages"}],"about":[{"href":"https:\/\/reglazingbathtubs.com\/es\/wp-json\/wp\/v2\/types\/page"}],"author":[{"embeddable":true,"href":"https:\/\/reglazingbathtubs.com\/es\/wp-json\/wp\/v2\/users\/1"}],"replies":[{"embeddable":true,"href":"https:\/\/reglazingbathtubs.com\/es\/wp-json\/wp\/v2\/comments?post=101"}],"version-history":[{"count":9,"href":"https:\/\/reglazingbathtubs.com\/es\/wp-json\/wp\/v2\/pages\/101\/revisions"}],"predecessor-version":[{"id":266,"href":"https:\/\/reglazingbathtubs.com\/es\/wp-json\/wp\/v2\/pages\/101\/revisions\/266"}],"up":[{"embeddable":true,"href":"https:\/\/reglazingbathtubs.com\/es\/wp-json\/wp\/v2\/pages\/31"}],"wp:attachment":[{"href":"https:\/\/reglazingbathtubs.com\/es\/wp-json\/wp\/v2\/media?parent=101"}],"curies":[{"name":"wp","href":"https:\/\/api.w.org\/{rel}","templated":true}]}}